{"id":2152,"date":"2024-11-22T10:42:29","date_gmt":"2024-11-22T10:42:29","guid":{"rendered":"https:\/\/preview.codeless.co\/bygge\/default\/?page_id=2152"},"modified":"2024-12-17T19:33:02","modified_gmt":"2024-12-17T19:33:02","slug":"proiecte","status":"publish","type":"page","link":"https:\/\/agriconstruct.md\/ru\/proiecte\/","title":{"rendered":"\u041f\u0440\u043e\u0435\u043a\u0442\u044b"},"content":{"rendered":"<div data-elementor-type=\"wp-page\" data-elementor-id=\"2152\" class=\"elementor elementor-2152\">\n\t\t\t\t\t\t<section class=\"elementor-section elementor-top-section elementor-element elementor-element-dbef253 elementor-section-boxed elementor-section-height-default elementor-section-height-default\" data-id=\"dbef253\" data-element_type=\"section\">\n\t\t\t\t\t\t<div class=\"elementor-container elementor-column-gap-default\">\n\t\t\t\t\t<div class=\"elementor-column elementor-col-100 elementor-top-column elementor-element elementor-element-0efebb2\" data-id=\"0efebb2\" data-element_type=\"column\">\n\t\t\t<div class=\"elementor-widget-wrap elementor-element-populated\">\n\t\t\t\t\t\t<div class=\"elementor-element elementor-element-7caba5a elementor-widget elementor-widget-html\" data-id=\"7caba5a\" data-element_type=\"widget\" data-widget_type=\"html.default\">\n\t\t\t\t<div class=\"elementor-widget-container\">\n\t\t\t\r\n\t\t<div class=\"aigpl-gallery-album-wrp aigpl-gallery-album aigpl-clearfix aigpl-album-design-1\" id=\"aigpl-gallery-1\">\r\n\r\n\t\t\r\n<div class=\"aigpl-cnt-wrp aigpl-col-3 aigpl-columns aigpl-first\">\r\n\t<div class=\"aigpl-inr-wrp\">\r\n\r\n\t\t<div class=\"aigpl-img-wrp\" style=\"\">\r\n\t\t\t<a class=\"aigpl-img-link\" href=\"https:\/\/agriconstruct.md\/ru\/proiecte\/?album=3866&#038;album_ses=1#aigpl-album-gallery-1\" target=\"_self\">\r\n\t\t\t\t\t\t\t\t<img decoding=\"async\" class=\"aigpl-img\"  src=\"https:\/\/agriconstruct.md\/wp-content\/uploads\/2024\/11\/1-1.jpg\" alt=\"Depozite agricole\" \/>\r\n\t\t\t\t\t\t\t<\/a>\r\n\t\t<\/div>\r\n\r\n\t\t\t\t\t<a class=\"aigpl-img-link\" href=\"https:\/\/agriconstruct.md\/ru\/proiecte\/?album=3866&#038;album_ses=1#aigpl-album-gallery-1\" target=\"_self\">\r\n\t\t\t\t<div class=\"aigpl-img-title aigpl-center\">\u0421\u0435\u043b\u044c\u0441\u043a\u043e\u0445\u043e\u0437\u044f\u0439\u0441\u0442\u0432\u0435\u043d\u043d\u044b\u0435 \u0441\u043a\u043b\u0430\u0434\u044b<\/div>\r\n\t\t\t<\/a>\r\n\t\t\t\t<div class=\"aigpl-img-count aigpl-center\">16 \u0424\u043e\u0442\u043e\u0433\u0440\u0430\u0444\u0438\u0438<\/div>\r\n\t\t\t<\/div>\r\n<\/div>\r\n<div class=\"aigpl-cnt-wrp aigpl-col-3 aigpl-columns\">\r\n\t<div class=\"aigpl-inr-wrp\">\r\n\r\n\t\t<div class=\"aigpl-img-wrp\" style=\"\">\r\n\t\t\t<a class=\"aigpl-img-link\" href=\"https:\/\/agriconstruct.md\/ru\/proiecte\/?album=3879&#038;album_ses=1#aigpl-album-gallery-1\" target=\"_self\">\r\n\t\t\t\t\t\t\t\t<img decoding=\"async\" class=\"aigpl-img\"  src=\"https:\/\/agriconstruct.md\/wp-content\/uploads\/2024\/11\/silozuri-pentru-cereale2.jpeg\" alt=\"Silozuri pentru cereale\" \/>\r\n\t\t\t\t\t\t\t<\/a>\r\n\t\t<\/div>\r\n\r\n\t\t\t\t\t<a class=\"aigpl-img-link\" href=\"https:\/\/agriconstruct.md\/ru\/proiecte\/?album=3879&#038;album_ses=1#aigpl-album-gallery-1\" target=\"_self\">\r\n\t\t\t\t<div class=\"aigpl-img-title aigpl-center\">\u0417\u0435\u0440\u043d\u043e\u0432\u044b\u0435 \u0441\u0438\u043b\u043e\u0441\u044b<\/div>\r\n\t\t\t<\/a>\r\n\t\t\t\t<div class=\"aigpl-img-count aigpl-center\">4 \u0424\u043e\u0442\u043e\u0433\u0440\u0430\u0444\u0438\u0438<\/div>\r\n\t\t\t<\/div>\r\n<\/div>\r\n\t\t<\/div><!-- end .aigpl-gallery-album-wrp -->\r\n\r\n\t\t\t<\/div>\n\t\t\t\t<\/div>\n\t\t\t\t\t<\/div>\n\t\t<\/div>\n\t\t\t\t\t<\/div>\n\t\t<\/section>\n\t\t\t\t<\/div>","protected":false},"excerpt":{"rendered":"","protected":false},"author":1,"featured_media":3833,"parent":0,"menu_order":0,"comment_status":"closed","ping_status":"closed","template":"","meta":{"footnotes":""},"class_list":["post-2152","page","type-page","status-publish","has-post-thumbnail","hentry"],"yoast_head":"<!-- This site is optimized with the Yoast SEO plugin v24.0 - https:\/\/yoast.com\/wordpress\/plugins\/seo\/ -->\n<title>Proiecte - AGRICONSTRUCT<\/title>\n<meta name=\"description\" content=\"La Agriconstruct, transform\u0103m ideile \u00een solu\u021bii durabile, oferindu-v\u0103 depozite agricole construite la cele mai \u00eenalte standarde, at\u00e2t cu carcas\u0103, c\u00e2t \u0219i f\u0103r\u0103 carcas\u0103.\" \/>\n<meta name=\"robots\" content=\"index, follow, max-snippet:-1, max-image-preview:large, max-video-preview:-1\" \/>\n<link rel=\"canonical\" href=\"https:\/\/agriconstruct.md\/ru\/proiecte\/\" \/>\n<meta property=\"og:locale\" content=\"ru_RU\" \/>\n<meta property=\"og:type\" content=\"article\" \/>\n<meta property=\"og:title\" content=\"Proiecte - AGRICONSTRUCT\" \/>\n<meta property=\"og:description\" content=\"La Agriconstruct, transform\u0103m ideile \u00een solu\u021bii durabile, oferindu-v\u0103 depozite agricole construite la cele mai \u00eenalte standarde, at\u00e2t cu carcas\u0103, c\u00e2t \u0219i f\u0103r\u0103 carcas\u0103.\" \/>\n<meta property=\"og:url\" content=\"https:\/\/agriconstruct.md\/ru\/proiecte\/\" \/>\n<meta property=\"og:site_name\" content=\"AGRICONSTRUCT\" \/>\n<meta property=\"article:publisher\" content=\"https:\/\/www.facebook.com\/profile.php?id=61569356365233\" \/>\n<meta property=\"article:modified_time\" content=\"2024-12-17T19:33:02+00:00\" \/>\n<meta property=\"og:image\" content=\"https:\/\/agriconstruct.md\/wp-content\/uploads\/2024\/11\/header-proiecte-agriconstruct.jpg\" \/>\n\t<meta property=\"og:image:width\" content=\"1920\" \/>\n\t<meta property=\"og:image:height\" content=\"726\" \/>\n\t<meta property=\"og:image:type\" content=\"image\/jpeg\" \/>\n<meta name=\"twitter:card\" content=\"summary_large_image\" \/>\n<meta name=\"twitter:label1\" content=\"\u041f\u0440\u0438\u043c\u0435\u0440\u043d\u043e\u0435 \u0432\u0440\u0435\u043c\u044f \u0434\u043b\u044f \u0447\u0442\u0435\u043d\u0438\u044f\" \/>\n\t<meta name=\"twitter:data1\" content=\"1 \u043c\u0438\u043d\u0443\u0442\u0430\" \/>\n<script type=\"application\/ld+json\" class=\"yoast-schema-graph\">{\"@context\":\"https:\/\/schema.org\",\"@graph\":[{\"@type\":\"WebPage\",\"@id\":\"https:\/\/agriconstruct.md\/proiecte\/\",\"url\":\"https:\/\/agriconstruct.md\/proiecte\/\",\"name\":\"Proiecte - AGRICONSTRUCT\",\"isPartOf\":{\"@id\":\"https:\/\/agriconstruct.md\/#website\"},\"primaryImageOfPage\":{\"@id\":\"https:\/\/agriconstruct.md\/proiecte\/#primaryimage\"},\"image\":{\"@id\":\"https:\/\/agriconstruct.md\/proiecte\/#primaryimage\"},\"thumbnailUrl\":\"https:\/\/agriconstruct.md\/wp-content\/uploads\/2024\/11\/header-proiecte-agriconstruct.jpg\",\"datePublished\":\"2024-11-22T10:42:29+00:00\",\"dateModified\":\"2024-12-17T19:33:02+00:00\",\"description\":\"La Agriconstruct, transform\u0103m ideile \u00een solu\u021bii durabile, oferindu-v\u0103 depozite agricole construite la cele mai \u00eenalte standarde, at\u00e2t cu carcas\u0103, c\u00e2t \u0219i f\u0103r\u0103 carcas\u0103.\",\"breadcrumb\":{\"@id\":\"https:\/\/agriconstruct.md\/proiecte\/#breadcrumb\"},\"inLanguage\":\"ru-RU\",\"potentialAction\":[{\"@type\":\"ReadAction\",\"target\":[\"https:\/\/agriconstruct.md\/proiecte\/\"]}]},{\"@type\":\"ImageObject\",\"inLanguage\":\"ru-RU\",\"@id\":\"https:\/\/agriconstruct.md\/proiecte\/#primaryimage\",\"url\":\"https:\/\/agriconstruct.md\/wp-content\/uploads\/2024\/11\/header-proiecte-agriconstruct.jpg\",\"contentUrl\":\"https:\/\/agriconstruct.md\/wp-content\/uploads\/2024\/11\/header-proiecte-agriconstruct.jpg\",\"width\":1920,\"height\":726},{\"@type\":\"BreadcrumbList\",\"@id\":\"https:\/\/agriconstruct.md\/proiecte\/#breadcrumb\",\"itemListElement\":[{\"@type\":\"ListItem\",\"position\":1,\"name\":\"Prima pagin\u0103\",\"item\":\"https:\/\/agriconstruct.md\/\"},{\"@type\":\"ListItem\",\"position\":2,\"name\":\"Proiecte\"}]},{\"@type\":\"WebSite\",\"@id\":\"https:\/\/agriconstruct.md\/#website\",\"url\":\"https:\/\/agriconstruct.md\/\",\"name\":\"AGRICONSTRUCT - Solu\u021bii Agro-Industriale\",\"description\":\"Calitate \u00een fiecare detaliu, \u00eencredere \u00een fiecare construc\u021bie\",\"publisher\":{\"@id\":\"https:\/\/agriconstruct.md\/#organization\"},\"potentialAction\":[{\"@type\":\"SearchAction\",\"target\":{\"@type\":\"EntryPoint\",\"urlTemplate\":\"https:\/\/agriconstruct.md\/?s={search_term_string}\"},\"query-input\":{\"@type\":\"PropertyValueSpecification\",\"valueRequired\":true,\"valueName\":\"search_term_string\"}}],\"inLanguage\":\"ru-RU\"},{\"@type\":\"Organization\",\"@id\":\"https:\/\/agriconstruct.md\/#organization\",\"name\":\"AGRICONSTRUCT - Solu\u021bii Agro-Industriale\",\"url\":\"https:\/\/agriconstruct.md\/\",\"logo\":{\"@type\":\"ImageObject\",\"inLanguage\":\"ru-RU\",\"@id\":\"https:\/\/agriconstruct.md\/#\/schema\/logo\/image\/\",\"url\":\"https:\/\/agriconstruct.md\/wp-content\/uploads\/2021\/06\/cropped-agriconstructlogo.png\",\"contentUrl\":\"https:\/\/agriconstruct.md\/wp-content\/uploads\/2021\/06\/cropped-agriconstructlogo.png\",\"width\":1278,\"height\":300,\"caption\":\"AGRICONSTRUCT - Solu\u021bii Agro-Industriale\"},\"image\":{\"@id\":\"https:\/\/agriconstruct.md\/#\/schema\/logo\/image\/\"},\"sameAs\":[\"https:\/\/www.facebook.com\/profile.php?id=61569356365233\"]}]}<\/script>\n<!-- \/ Yoast SEO plugin. -->","yoast_head_json":{"title":"Proiecte - AGRICONSTRUCT","description":"La Agriconstruct, transform\u0103m ideile \u00een solu\u021bii durabile, oferindu-v\u0103 depozite agricole construite la cele mai \u00eenalte standarde, at\u00e2t cu carcas\u0103, c\u00e2t \u0219i f\u0103r\u0103 carcas\u0103.","robots":{"index":"index","follow":"follow","max-snippet":"max-snippet:-1","max-image-preview":"max-image-preview:large","max-video-preview":"max-video-preview:-1"},"canonical":"https:\/\/agriconstruct.md\/ru\/proiecte\/","og_locale":"ru_RU","og_type":"article","og_title":"Proiecte - AGRICONSTRUCT","og_description":"La Agriconstruct, transform\u0103m ideile \u00een solu\u021bii durabile, oferindu-v\u0103 depozite agricole construite la cele mai \u00eenalte standarde, at\u00e2t cu carcas\u0103, c\u00e2t \u0219i f\u0103r\u0103 carcas\u0103.","og_url":"https:\/\/agriconstruct.md\/ru\/proiecte\/","og_site_name":"AGRICONSTRUCT","article_publisher":"https:\/\/www.facebook.com\/profile.php?id=61569356365233","article_modified_time":"2024-12-17T19:33:02+00:00","og_image":[{"width":1920,"height":726,"url":"https:\/\/agriconstruct.md\/wp-content\/uploads\/2024\/11\/header-proiecte-agriconstruct.jpg","type":"image\/jpeg"}],"twitter_card":"summary_large_image","twitter_misc":{"\u041f\u0440\u0438\u043c\u0435\u0440\u043d\u043e\u0435 \u0432\u0440\u0435\u043c\u044f \u0434\u043b\u044f \u0447\u0442\u0435\u043d\u0438\u044f":"1 \u043c\u0438\u043d\u0443\u0442\u0430"},"schema":{"@context":"https:\/\/schema.org","@graph":[{"@type":"WebPage","@id":"https:\/\/agriconstruct.md\/proiecte\/","url":"https:\/\/agriconstruct.md\/proiecte\/","name":"Proiecte - AGRICONSTRUCT","isPartOf":{"@id":"https:\/\/agriconstruct.md\/#website"},"primaryImageOfPage":{"@id":"https:\/\/agriconstruct.md\/proiecte\/#primaryimage"},"image":{"@id":"https:\/\/agriconstruct.md\/proiecte\/#primaryimage"},"thumbnailUrl":"https:\/\/agriconstruct.md\/wp-content\/uploads\/2024\/11\/header-proiecte-agriconstruct.jpg","datePublished":"2024-11-22T10:42:29+00:00","dateModified":"2024-12-17T19:33:02+00:00","description":"La Agriconstruct, transform\u0103m ideile \u00een solu\u021bii durabile, oferindu-v\u0103 depozite agricole construite la cele mai \u00eenalte standarde, at\u00e2t cu carcas\u0103, c\u00e2t \u0219i f\u0103r\u0103 carcas\u0103.","breadcrumb":{"@id":"https:\/\/agriconstruct.md\/proiecte\/#breadcrumb"},"inLanguage":"ru-RU","potentialAction":[{"@type":"ReadAction","target":["https:\/\/agriconstruct.md\/proiecte\/"]}]},{"@type":"ImageObject","inLanguage":"ru-RU","@id":"https:\/\/agriconstruct.md\/proiecte\/#primaryimage","url":"https:\/\/agriconstruct.md\/wp-content\/uploads\/2024\/11\/header-proiecte-agriconstruct.jpg","contentUrl":"https:\/\/agriconstruct.md\/wp-content\/uploads\/2024\/11\/header-proiecte-agriconstruct.jpg","width":1920,"height":726},{"@type":"BreadcrumbList","@id":"https:\/\/agriconstruct.md\/proiecte\/#breadcrumb","itemListElement":[{"@type":"ListItem","position":1,"name":"Prima pagin\u0103","item":"https:\/\/agriconstruct.md\/"},{"@type":"ListItem","position":2,"name":"Proiecte"}]},{"@type":"WebSite","@id":"https:\/\/agriconstruct.md\/#website","url":"https:\/\/agriconstruct.md\/","name":"AGRICONSTRUCT - Solu\u021bii Agro-Industriale","description":"Calitate \u00een fiecare detaliu, \u00eencredere \u00een fiecare construc\u021bie","publisher":{"@id":"https:\/\/agriconstruct.md\/#organization"},"potentialAction":[{"@type":"SearchAction","target":{"@type":"EntryPoint","urlTemplate":"https:\/\/agriconstruct.md\/?s={search_term_string}"},"query-input":{"@type":"PropertyValueSpecification","valueRequired":true,"valueName":"search_term_string"}}],"inLanguage":"ru-RU"},{"@type":"Organization","@id":"https:\/\/agriconstruct.md\/#organization","name":"AGRICONSTRUCT - Solu\u021bii Agro-Industriale","url":"https:\/\/agriconstruct.md\/","logo":{"@type":"ImageObject","inLanguage":"ru-RU","@id":"https:\/\/agriconstruct.md\/#\/schema\/logo\/image\/","url":"https:\/\/agriconstruct.md\/wp-content\/uploads\/2021\/06\/cropped-agriconstructlogo.png","contentUrl":"https:\/\/agriconstruct.md\/wp-content\/uploads\/2021\/06\/cropped-agriconstructlogo.png","width":1278,"height":300,"caption":"AGRICONSTRUCT - Solu\u021bii Agro-Industriale"},"image":{"@id":"https:\/\/agriconstruct.md\/#\/schema\/logo\/image\/"},"sameAs":["https:\/\/www.facebook.com\/profile.php?id=61569356365233"]}]}},"_links":{"self":[{"href":"https:\/\/agriconstruct.md\/ru\/wp-json\/wp\/v2\/pages\/2152","targetHints":{"allow":["GET"]}}],"collection":[{"href":"https:\/\/agriconstruct.md\/ru\/wp-json\/wp\/v2\/pages"}],"about":[{"href":"https:\/\/agriconstruct.md\/ru\/wp-json\/wp\/v2\/types\/page"}],"author":[{"embeddable":true,"href":"https:\/\/agriconstruct.md\/ru\/wp-json\/wp\/v2\/users\/1"}],"replies":[{"embeddable":true,"href":"https:\/\/agriconstruct.md\/ru\/wp-json\/wp\/v2\/comments?post=2152"}],"version-history":[{"count":1,"href":"https:\/\/agriconstruct.md\/ru\/wp-json\/wp\/v2\/pages\/2152\/revisions"}],"predecessor-version":[{"id":5098,"href":"https:\/\/agriconstruct.md\/ru\/wp-json\/wp\/v2\/pages\/2152\/revisions\/5098"}],"wp:featuredmedia":[{"embeddable":true,"href":"https:\/\/agriconstruct.md\/ru\/wp-json\/wp\/v2\/media\/3833"}],"wp:attachment":[{"href":"https:\/\/agriconstruct.md\/ru\/wp-json\/wp\/v2\/media?parent=2152"}],"curies":[{"name":"wp","href":"https:\/\/api.w.org\/{rel}","templated":true}]}}